{"id":11206,"date":"2024-04-16T13:27:47","date_gmt":"2024-04-16T13:27:47","guid":{"rendered":"https:\/\/globalfap6968.live-website.com\/?post_type=product&#038;p=11206"},"modified":"2024-04-16T13:27:49","modified_gmt":"2024-04-16T13:27:49","slug":"iveco-eurocargo-5802045133","status":"publish","type":"product","link":"https:\/\/globalfap.com\/fr\/tienda\/iveco-eurocargo-5802045133\/","title":{"rendered":"Iveco Eurocargo 5802045133"},"content":{"rendered":"<p>Filtre \u00e0 particules Iveco Eurocargo Interchange.<\/p>\n<p>Comprend un joint et un kit de serrage.<\/p>\n<p>R\u00e9f\u00e9rences \u00e9quivalentes :<\/p>\n<p>Iveco - 500060404<\/p>\n<p>Iveco - 5802045133<\/p>\n<p>&nbsp;<\/p>\n<p>Livraison en 24 heures.<\/p>","protected":false},"excerpt":{"rendered":"<p>Filtre \u00e0 particules Iveco Eurocargo Interchange.<\/p>\n<p>Comprend un joint et un kit de serrage.<\/p>\n<p>R\u00e9f\u00e9rences \u00e9quivalentes : 500060404, 5802045133<\/p>\n<p>&nbsp;<\/p>\n<p>Livraison en 24 heures.<\/p>","protected":false},"featured_media":10834,"template":"","meta":{"rank_math_lock_modified_date":false,"_joinchat":[]},"product_cat":[49],"product_tag":[],"class_list":{"0":"post-11206","1":"product","2":"type-product","3":"status-publish","4":"has-post-thumbnail","6":"product_cat-iveco","7":"product_shipping_class-filtros-de-particulas","9":"first","10":"instock","11":"taxable","12":"shipping-taxable","13":"product-type-simple"},"_links":{"self":[{"href":"https:\/\/globalfap.com\/fr\/wp-json\/wp\/v2\/product\/11206","targetHints":{"allow":["GET"]}}],"collection":[{"href":"https:\/\/globalfap.com\/fr\/wp-json\/wp\/v2\/product"}],"about":[{"href":"https:\/\/globalfap.com\/fr\/wp-json\/wp\/v2\/types\/product"}],"version-history":[{"count":0,"href":"https:\/\/globalfap.com\/fr\/wp-json\/wp\/v2\/product\/11206\/revisions"}],"wp:featuredmedia":[{"embeddable":true,"href":"https:\/\/globalfap.com\/fr\/wp-json\/wp\/v2\/media\/10834"}],"wp:attachment":[{"href":"https:\/\/globalfap.com\/fr\/wp-json\/wp\/v2\/media?parent=11206"}],"wp:term":[{"taxonomy":"product_cat","embeddable":true,"href":"https:\/\/globalfap.com\/fr\/wp-json\/wp\/v2\/product_cat?post=11206"},{"taxonomy":"product_tag","embeddable":true,"href":"https:\/\/globalfap.com\/fr\/wp-json\/wp\/v2\/product_tag?post=11206"}],"curies":[{"name":"wp","href":"https:\/\/api.w.org\/{rel}","templated":true}]}}