{"id":11208,"date":"2024-04-16T13:27:47","date_gmt":"2024-04-16T13:27:47","guid":{"rendered":"https:\/\/globalfap6968.live-website.com\/?post_type=product&#038;p=11208"},"modified":"2024-04-16T13:27:50","modified_gmt":"2024-04-16T13:27:50","slug":"man-tgx-tgs-81151030107-2","status":"publish","type":"product","link":"https:\/\/globalfap.com\/fr\/tienda\/man-tgx-tgs-81151030107-2\/","title":{"rendered":"Homme TGX TGS 81151030107"},"content":{"rendered":"<p>R\u00e9f\u00e9rences \u00e9quivalentes :<\/p>\n<p>81151030107, 81151030128, 81151039107, 81151039130<\/p>","protected":false},"excerpt":{"rendered":"<p>Man TGX TGS Euro 6<\/p>\n<ul class=\"list-check dos-columnas\">\n<li>81.15103.0107<\/li>\n<li>81151030107<\/li>\n<li>81151030128<\/li>\n<li>81151039130<\/li>\n<li>81151039107<\/li>\n<\/ul>\n<h3>Contact avec nous<\/h3>","protected":false},"featured_media":10836,"template":"","meta":{"rank_math_lock_modified_date":false,"_joinchat":[]},"product_cat":[48],"product_tag":[],"class_list":{"0":"post-11208","1":"product","2":"type-product","3":"status-publish","4":"has-post-thumbnail","6":"product_cat-man","7":"product_shipping_class-filtros-de-particulas","9":"first","10":"instock","11":"taxable","12":"shipping-taxable","13":"product-type-simple"},"_links":{"self":[{"href":"https:\/\/globalfap.com\/fr\/wp-json\/wp\/v2\/product\/11208","targetHints":{"allow":["GET"]}}],"collection":[{"href":"https:\/\/globalfap.com\/fr\/wp-json\/wp\/v2\/product"}],"about":[{"href":"https:\/\/globalfap.com\/fr\/wp-json\/wp\/v2\/types\/product"}],"version-history":[{"count":0,"href":"https:\/\/globalfap.com\/fr\/wp-json\/wp\/v2\/product\/11208\/revisions"}],"wp:featuredmedia":[{"embeddable":true,"href":"https:\/\/globalfap.com\/fr\/wp-json\/wp\/v2\/media\/10836"}],"wp:attachment":[{"href":"https:\/\/globalfap.com\/fr\/wp-json\/wp\/v2\/media?parent=11208"}],"wp:term":[{"taxonomy":"product_cat","embeddable":true,"href":"https:\/\/globalfap.com\/fr\/wp-json\/wp\/v2\/product_cat?post=11208"},{"taxonomy":"product_tag","embeddable":true,"href":"https:\/\/globalfap.com\/fr\/wp-json\/wp\/v2\/product_tag?post=11208"}],"curies":[{"name":"wp","href":"https:\/\/api.w.org\/{rel}","templated":true}]}}