{"id":11278,"date":"2024-04-16T13:28:15","date_gmt":"2024-04-16T13:28:15","guid":{"rendered":"https:\/\/globalfap6968.live-website.com\/?post_type=product&#038;p=11278"},"modified":"2024-04-16T13:28:19","modified_gmt":"2024-04-16T13:28:19","slug":"volvo-85013698","status":"publish","type":"product","link":"https:\/\/globalfap.com\/fr\/tienda\/volvo-85013698\/","title":{"rendered":"Volvo 85013698"},"content":{"rendered":"<p>R\u00e9f\u00e9rences \u00e9quivalentes :<\/p>\n<p>Volvo - 21750157<\/p>\n<p>Volvo - 21794709<\/p>\n<p>Volvo - 21922979<\/p>\n<p>Volvo - 23037748<\/p>\n<p>Volvo - 23257216<\/p>\n<p>Volvo - 23264525<\/p>\n<p>Volvo - 23386578<\/p>\n<p>Volvo - 85013698<\/p>\n<p>Volvo - 85020453<\/p>\n<p>Volvo - 85022127<\/p>\n<p>Volvo - 85022222<\/p>\n<p>Volvo - 23172193<\/p>\n<p>Renault - 7421750157<\/p>\n<p>Renault - 7421794709<\/p>\n<p>Renault - 7423138863<\/p>\n<p>Renault - 7423264525<\/p>\n<p>Renault - 7485013250<\/p>\n<p>&nbsp;<\/p>","protected":false},"excerpt":{"rendered":"<p>Renault Euro 6<\/p>\n<h3>Contact avec nous<\/h3>","protected":false},"featured_media":10924,"template":"","meta":{"rank_math_lock_modified_date":false,"_joinchat":[]},"product_cat":[63,65],"product_tag":[],"class_list":{"0":"post-11278","1":"product","2":"type-product","3":"status-publish","4":"has-post-thumbnail","6":"product_cat-renault","7":"product_cat-volvo","8":"product_shipping_class-filtros-de-particulas","10":"first","11":"instock","12":"taxable","13":"shipping-taxable","14":"product-type-simple"},"_links":{"self":[{"href":"https:\/\/globalfap.com\/fr\/wp-json\/wp\/v2\/product\/11278","targetHints":{"allow":["GET"]}}],"collection":[{"href":"https:\/\/globalfap.com\/fr\/wp-json\/wp\/v2\/product"}],"about":[{"href":"https:\/\/globalfap.com\/fr\/wp-json\/wp\/v2\/types\/product"}],"version-history":[{"count":0,"href":"https:\/\/globalfap.com\/fr\/wp-json\/wp\/v2\/product\/11278\/revisions"}],"wp:featuredmedia":[{"embeddable":true,"href":"https:\/\/globalfap.com\/fr\/wp-json\/wp\/v2\/media\/10924"}],"wp:attachment":[{"href":"https:\/\/globalfap.com\/fr\/wp-json\/wp\/v2\/media?parent=11278"}],"wp:term":[{"taxonomy":"product_cat","embeddable":true,"href":"https:\/\/globalfap.com\/fr\/wp-json\/wp\/v2\/product_cat?post=11278"},{"taxonomy":"product_tag","embeddable":true,"href":"https:\/\/globalfap.com\/fr\/wp-json\/wp\/v2\/product_tag?post=11278"}],"curies":[{"name":"wp","href":"https:\/\/api.w.org\/{rel}","templated":true}]}}