{"id":11432,"date":"2024-04-16T13:28:36","date_gmt":"2024-04-16T13:28:36","guid":{"rendered":"https:\/\/globalfap6968.live-website.com\/?post_type=product&#038;p=11432"},"modified":"2024-04-16T13:28:39","modified_gmt":"2024-04-16T13:28:39","slug":"catalizador-man-euro-6-81151036131-81151036137","status":"publish","type":"product","link":"https:\/\/globalfap.com\/fr\/tienda\/catalytique-man-euro-6-81151036131\/","title":{"rendered":"Convertisseur catalytique MAN Euro 6 - 81151036131 \/ 81151036137"},"content":{"rendered":"<p>Catalyseur d'\u00e9change MAN Euro 6, garantie 2 ans.<\/p>\n<h2>Refer\u00eancias compat\u00edveis<\/h2>\n<p>HOMME - 81.15103.6131<\/p>\n<p>HOMME - 81151036137<\/p>\n<p>HOMME - 81.15103.6137<\/p>\n<p>MAN - 81151039131<\/p>\n<p>HOMME - 81.15103.9131<\/p>\n<p>&nbsp;<\/p>","protected":false},"excerpt":{"rendered":"<p>Chez Global FAP, nous effectuons l'entretien et la r\u00e9paration des convertisseurs catalytiques conform\u00e9ment \u00e0 la r\u00e9glementation Euro 6.<\/p>\n<h2>Refer\u00eancias compat\u00edveis<\/h2>\n<p>&nbsp;<\/p>\n<p>HOMME - 81151036131<\/p>\n<p>HOMME - 81151036137<\/p>\n<p>&nbsp;<\/p>\n<h2>Capteurs<\/h2>\n<p>&nbsp;<\/p>\n<div class=\"page\" title=\"Page 9\">\n<div class=\"section\">\n<div class=\"layoutArea\">\n<div class=\"column\">\n<p>51.27421.0293 \u2013 Temp\u00e9rature<\/p>\n<p>51.27421.0310 - temp\u00e9rature<\/p>\n<div class=\"page\" title=\"Page 9\">\n<div class=\"section\">\n<div class=\"layoutArea\">\n<div class=\"column\">\n<p>51.15408.0011 - NOx<\/p>\n<p>51.15408.0018 - NOx<\/p>\n<p>&nbsp;<\/p>\n<p>Envois internationaux.<\/p>\n<\/div>\n<h3>Contact avec nous<\/h3>\n<\/div>\n<\/div>\n<\/div>\n<\/div>\n<\/div>\n<p>&nbsp;<\/p>\n<\/div>\n<\/div>","protected":false},"featured_media":11124,"template":"","meta":{"rank_math_lock_modified_date":false,"_joinchat":[]},"product_cat":[53],"product_tag":[],"class_list":{"0":"post-11432","1":"product","2":"type-product","3":"status-publish","4":"has-post-thumbnail","6":"product_cat-catalizadores-de-intercambio","8":"first","9":"instock","10":"taxable","11":"shipping-taxable","12":"product-type-simple"},"_links":{"self":[{"href":"https:\/\/globalfap.com\/fr\/wp-json\/wp\/v2\/product\/11432","targetHints":{"allow":["GET"]}}],"collection":[{"href":"https:\/\/globalfap.com\/fr\/wp-json\/wp\/v2\/product"}],"about":[{"href":"https:\/\/globalfap.com\/fr\/wp-json\/wp\/v2\/types\/product"}],"version-history":[{"count":0,"href":"https:\/\/globalfap.com\/fr\/wp-json\/wp\/v2\/product\/11432\/revisions"}],"wp:featuredmedia":[{"embeddable":true,"href":"https:\/\/globalfap.com\/fr\/wp-json\/wp\/v2\/media\/11124"}],"wp:attachment":[{"href":"https:\/\/globalfap.com\/fr\/wp-json\/wp\/v2\/media?parent=11432"}],"wp:term":[{"taxonomy":"product_cat","embeddable":true,"href":"https:\/\/globalfap.com\/fr\/wp-json\/wp\/v2\/product_cat?post=11432"},{"taxonomy":"product_tag","embeddable":true,"href":"https:\/\/globalfap.com\/fr\/wp-json\/wp\/v2\/product_tag?post=11432"}],"curies":[{"name":"wp","href":"https:\/\/api.w.org\/{rel}","templated":true}]}}