{"id":11435,"date":"2024-04-16T13:28:37","date_gmt":"2024-04-16T13:28:37","guid":{"rendered":"https:\/\/globalfap6968.live-website.com\/?post_type=product&#038;p=11435"},"modified":"2024-04-16T13:28:39","modified_gmt":"2024-04-16T13:28:39","slug":"catalizador-iveco-euro-6-5801429215","status":"publish","type":"product","link":"https:\/\/globalfap.com\/fr\/tienda\/catalytique-iveco-euro-6-5801429215\/","title":{"rendered":"Convertisseur catalytique Iveco Euro 6 - 5801429215"},"content":{"rendered":"<p>Remplacement du convertisseur catalytique Euro 6 de l'Iveco Stralis.<\/p>\n<p>Garantie de deux ans.<\/p>\n<p>R\u00e9f\u00e9rences \u00e9quivalentes :<\/p>\n<p>Iveco - 5801429215<\/p>\n<p>Iveco - 500060412<\/p>","protected":false},"excerpt":{"rendered":"<p>Convertisseur catalytique Iveco Euro 6 5801429215 \u00e9change.<\/p>\n<p>Nouveaux noyaux ultramodernes, nouveaux joints et brides.<\/p>\n<ul>\n<li>Garantie de deux ans.<\/li>\n<\/ul>\n<p>Envois internationaux.<\/p>\n<h3>Contact avec nous<\/h3>","protected":false},"featured_media":11065,"template":"","meta":{"rank_math_lock_modified_date":false,"_joinchat":[]},"product_cat":[53,49],"product_tag":[],"class_list":{"0":"post-11435","1":"product","2":"type-product","3":"status-publish","4":"has-post-thumbnail","6":"product_cat-catalizadores-de-intercambio","7":"product_cat-iveco","8":"product_shipping_class-filtros-de-particulas","10":"first","11":"instock","12":"taxable","13":"shipping-taxable","14":"product-type-simple"},"_links":{"self":[{"href":"https:\/\/globalfap.com\/fr\/wp-json\/wp\/v2\/product\/11435","targetHints":{"allow":["GET"]}}],"collection":[{"href":"https:\/\/globalfap.com\/fr\/wp-json\/wp\/v2\/product"}],"about":[{"href":"https:\/\/globalfap.com\/fr\/wp-json\/wp\/v2\/types\/product"}],"version-history":[{"count":0,"href":"https:\/\/globalfap.com\/fr\/wp-json\/wp\/v2\/product\/11435\/revisions"}],"wp:featuredmedia":[{"embeddable":true,"href":"https:\/\/globalfap.com\/fr\/wp-json\/wp\/v2\/media\/11065"}],"wp:attachment":[{"href":"https:\/\/globalfap.com\/fr\/wp-json\/wp\/v2\/media?parent=11435"}],"wp:term":[{"taxonomy":"product_cat","embeddable":true,"href":"https:\/\/globalfap.com\/fr\/wp-json\/wp\/v2\/product_cat?post=11435"},{"taxonomy":"product_tag","embeddable":true,"href":"https:\/\/globalfap.com\/fr\/wp-json\/wp\/v2\/product_tag?post=11435"}],"curies":[{"name":"wp","href":"https:\/\/api.w.org\/{rel}","templated":true}]}}