{"id":11455,"date":"2024-04-16T13:28:38","date_gmt":"2024-04-16T13:28:38","guid":{"rendered":"https:\/\/globalfap6968.live-website.com\/?post_type=product&#038;p=11455"},"modified":"2024-04-16T13:28:50","modified_gmt":"2024-04-16T13:28:50","slug":"catalizador-volvo-21750081-21750067-21750074-21750085-23171811-23173965-23713842-23713845-23994575-85022437","status":"publish","type":"product","link":"https:\/\/globalfap.com\/fr\/tienda\/catalytique-volvo-21750081\/","title":{"rendered":"Convertisseur catalytique Volvo 21750081 \/ 21750067 \/ 21750074 \/ 21750074 \/ 21750085 \/ 23171811 \/ 23173965 \/ 23713842 \/ 23713845 \/ 23994575 \/ 85022437"},"content":{"rendered":"<p>Convertisseur catalytique de remplacement Euro 6, garantie de 2 ans.<\/p>\n<h2>Refer\u00eancias compat\u00edveis<\/h2>\n<p>Renault - 7421750081<\/p>\n<p>Volvo - 23171811<\/p>\n<p>Volvo - 85022437<\/p>\n<p>Volvo - 23994595<\/p>\n<p>Renault - 7423171811<\/p>\n<p>Renault - 85022437<\/p>","protected":false},"excerpt":{"rendered":"<p>Catalyseur Volvo Euro 6 \u00e9change, 2 ans de garantie. R\u00e9f\u00e9rences compatibles Renault - 7421750081 Volvo - 23171811 Volvo -<\/p>","protected":false},"featured_media":11087,"template":"","meta":{"rank_math_lock_modified_date":false,"_joinchat":[]},"product_cat":[53],"product_tag":[],"class_list":{"0":"post-11455","1":"product","2":"type-product","3":"status-publish","4":"has-post-thumbnail","6":"product_cat-catalizadores-de-intercambio","8":"first","9":"instock","10":"taxable","11":"shipping-taxable","12":"product-type-simple"},"_links":{"self":[{"href":"https:\/\/globalfap.com\/fr\/wp-json\/wp\/v2\/product\/11455","targetHints":{"allow":["GET"]}}],"collection":[{"href":"https:\/\/globalfap.com\/fr\/wp-json\/wp\/v2\/product"}],"about":[{"href":"https:\/\/globalfap.com\/fr\/wp-json\/wp\/v2\/types\/product"}],"version-history":[{"count":0,"href":"https:\/\/globalfap.com\/fr\/wp-json\/wp\/v2\/product\/11455\/revisions"}],"wp:featuredmedia":[{"embeddable":true,"href":"https:\/\/globalfap.com\/fr\/wp-json\/wp\/v2\/media\/11087"}],"wp:attachment":[{"href":"https:\/\/globalfap.com\/fr\/wp-json\/wp\/v2\/media?parent=11455"}],"wp:term":[{"taxonomy":"product_cat","embeddable":true,"href":"https:\/\/globalfap.com\/fr\/wp-json\/wp\/v2\/product_cat?post=11455"},{"taxonomy":"product_tag","embeddable":true,"href":"https:\/\/globalfap.com\/fr\/wp-json\/wp\/v2\/product_tag?post=11455"}],"curies":[{"name":"wp","href":"https:\/\/api.w.org\/{rel}","templated":true}]}}