{"id":11493,"date":"2024-04-16T13:28:52","date_gmt":"2024-04-16T13:28:52","guid":{"rendered":"https:\/\/globalfap6968.live-website.com\/?post_type=product&#038;p=11493"},"modified":"2024-04-16T13:28:54","modified_gmt":"2024-04-16T13:28:54","slug":"catalizador-man-81151016041-81151016043-81151016047","status":"publish","type":"product","link":"https:\/\/globalfap.com\/fr\/tienda\/catalytique-man-81-15101-6047\/","title":{"rendered":"Convertisseur catalytique MAN 81151016041 \/ 81151016043 \/ 81151016047"},"content":{"rendered":"<p>Catalyseur d'\u00e9change MAN Euro 6, garantie 2 ans.<\/p>\n<h2>Refer\u00eancias compat\u00edveis<\/h2>\n<p>HOMME - 81.15101.6041<\/p>\n<p>HOMME - 81151016041<\/p>\n<p>HOMME - 81.15101.6043<\/p>\n<p>HOMME - 81151016043<\/p>\n<p>HOMME - 81151016047<\/p>\n<p>HOMME - 81151016047<\/p>\n<p>&nbsp;<\/p>\n<p>&nbsp;<\/p>","protected":false},"excerpt":{"rendered":"<p>Catalyseur MAN Euro 6 \u00e9change, garantie 2 ans. R\u00e9f\u00e9rences compatibles MAN - 81.15101.6041 MAN - 81151016041 MAN -<\/p>","protected":false},"featured_media":11172,"template":"","meta":{"rank_math_lock_modified_date":false,"_joinchat":[]},"product_cat":[53],"product_tag":[],"class_list":{"0":"post-11493","1":"product","2":"type-product","3":"status-publish","4":"has-post-thumbnail","6":"product_cat-catalizadores-de-intercambio","8":"first","9":"instock","10":"taxable","11":"shipping-taxable","12":"product-type-simple"},"_links":{"self":[{"href":"https:\/\/globalfap.com\/fr\/wp-json\/wp\/v2\/product\/11493","targetHints":{"allow":["GET"]}}],"collection":[{"href":"https:\/\/globalfap.com\/fr\/wp-json\/wp\/v2\/product"}],"about":[{"href":"https:\/\/globalfap.com\/fr\/wp-json\/wp\/v2\/types\/product"}],"version-history":[{"count":0,"href":"https:\/\/globalfap.com\/fr\/wp-json\/wp\/v2\/product\/11493\/revisions"}],"wp:featuredmedia":[{"embeddable":true,"href":"https:\/\/globalfap.com\/fr\/wp-json\/wp\/v2\/media\/11172"}],"wp:attachment":[{"href":"https:\/\/globalfap.com\/fr\/wp-json\/wp\/v2\/media?parent=11493"}],"wp:term":[{"taxonomy":"product_cat","embeddable":true,"href":"https:\/\/globalfap.com\/fr\/wp-json\/wp\/v2\/product_cat?post=11493"},{"taxonomy":"product_tag","embeddable":true,"href":"https:\/\/globalfap.com\/fr\/wp-json\/wp\/v2\/product_tag?post=11493"}],"curies":[{"name":"wp","href":"https:\/\/api.w.org\/{rel}","templated":true}]}}