{"id":11505,"date":"2024-04-16T13:28:53","date_gmt":"2024-04-16T13:28:53","guid":{"rendered":"https:\/\/globalfap6968.live-website.com\/?post_type=product&#038;p=11505"},"modified":"2024-04-16T13:28:56","modified_gmt":"2024-04-16T13:28:56","slug":"catalizador-scania-euro-6-2121376-2154776-2016304-2015096","status":"publish","type":"product","link":"https:\/\/globalfap.com\/fr\/tienda\/catalytique-scania-euro-6-2121376\/","title":{"rendered":"Catalyseur Scania Euro 6 - 2121376 \/ 2154776 \/ 2016304 \/ 2015096"},"content":{"rendered":"<p>Convertisseur catalytique Scania Euro 6 - 2154776<\/p>\n<p>Nouveaux noyaux int\u00e9rieurs.<\/p>\n<ul>\n<li>Garantie de deux ans.<\/li>\n<\/ul>\n<h2>Refer\u00eancias compat\u00edveis<\/h2>\n<p>Scania - 2154776<\/p>\n<p>Scania - 2121376<\/p>\n<p>Scania - 2016304<\/p>\n<p>Scania - 2015096<\/p>","protected":false},"excerpt":{"rendered":"<p>Catalyseur Scania Euro 6 - 2154776 Noyaux int\u00e9rieurs neufs. Garantie de deux ans. Num\u00e9ros de pi\u00e8ces Scania compatibles - 2154776 Scania -<\/p>","protected":false},"featured_media":11163,"template":"","meta":{"rank_math_lock_modified_date":false,"_joinchat":[]},"product_cat":[53],"product_tag":[],"class_list":{"0":"post-11505","1":"product","2":"type-product","3":"status-publish","4":"has-post-thumbnail","6":"product_cat-catalizadores-de-intercambio","8":"first","9":"instock","10":"taxable","11":"shipping-taxable","12":"product-type-simple"},"_links":{"self":[{"href":"https:\/\/globalfap.com\/fr\/wp-json\/wp\/v2\/product\/11505","targetHints":{"allow":["GET"]}}],"collection":[{"href":"https:\/\/globalfap.com\/fr\/wp-json\/wp\/v2\/product"}],"about":[{"href":"https:\/\/globalfap.com\/fr\/wp-json\/wp\/v2\/types\/product"}],"version-history":[{"count":0,"href":"https:\/\/globalfap.com\/fr\/wp-json\/wp\/v2\/product\/11505\/revisions"}],"wp:featuredmedia":[{"embeddable":true,"href":"https:\/\/globalfap.com\/fr\/wp-json\/wp\/v2\/media\/11163"}],"wp:attachment":[{"href":"https:\/\/globalfap.com\/fr\/wp-json\/wp\/v2\/media?parent=11505"}],"wp:term":[{"taxonomy":"product_cat","embeddable":true,"href":"https:\/\/globalfap.com\/fr\/wp-json\/wp\/v2\/product_cat?post=11505"},{"taxonomy":"product_tag","embeddable":true,"href":"https:\/\/globalfap.com\/fr\/wp-json\/wp\/v2\/product_tag?post=11505"}],"curies":[{"name":"wp","href":"https:\/\/api.w.org\/{rel}","templated":true}]}}