{"id":11509,"date":"2024-04-16T13:28:53","date_gmt":"2024-04-16T13:28:53","guid":{"rendered":"https:\/\/globalfap6968.live-website.com\/?post_type=product&#038;p=11509"},"modified":"2024-04-16T13:28:56","modified_gmt":"2024-04-16T13:28:56","slug":"catalizador-iveco-stralis-5801926983","status":"publish","type":"product","link":"https:\/\/globalfap.com\/fr\/tienda\/catalytique-iveco-stralis-5801926983\/","title":{"rendered":"Convertisseur catalytique Iveco Stralis 5801926983"},"content":{"rendered":"<p>Remplacement du convertisseur catalytique Euro 6 de l'Iveco Stralis.<\/p>\n<p>Garantie de deux ans.<\/p>\n<p>R\u00e9f\u00e9rences \u00e9quivalentes :<\/p>\n<p>Iveco - 500060804<\/p>","protected":false},"excerpt":{"rendered":"<p>Convertisseur catalytique de remplacement Iveco Euro 6.<\/p>\n<ul>\n<li>Garantie de deux ans.<\/li>\n<\/ul>\n<p>Envois internationaux.<\/p>\n<h3>Contact avec nous<\/h3>","protected":false},"featured_media":11067,"template":"","meta":{"rank_math_lock_modified_date":false,"_joinchat":[]},"product_cat":[53],"product_tag":[],"class_list":{"0":"post-11509","1":"product","2":"type-product","3":"status-publish","4":"has-post-thumbnail","6":"product_cat-catalizadores-de-intercambio","8":"first","9":"instock","10":"taxable","11":"shipping-taxable","12":"product-type-simple"},"_links":{"self":[{"href":"https:\/\/globalfap.com\/fr\/wp-json\/wp\/v2\/product\/11509","targetHints":{"allow":["GET"]}}],"collection":[{"href":"https:\/\/globalfap.com\/fr\/wp-json\/wp\/v2\/product"}],"about":[{"href":"https:\/\/globalfap.com\/fr\/wp-json\/wp\/v2\/types\/product"}],"version-history":[{"count":0,"href":"https:\/\/globalfap.com\/fr\/wp-json\/wp\/v2\/product\/11509\/revisions"}],"wp:featuredmedia":[{"embeddable":true,"href":"https:\/\/globalfap.com\/fr\/wp-json\/wp\/v2\/media\/11067"}],"wp:attachment":[{"href":"https:\/\/globalfap.com\/fr\/wp-json\/wp\/v2\/media?parent=11509"}],"wp:term":[{"taxonomy":"product_cat","embeddable":true,"href":"https:\/\/globalfap.com\/fr\/wp-json\/wp\/v2\/product_cat?post=11509"},{"taxonomy":"product_tag","embeddable":true,"href":"https:\/\/globalfap.com\/fr\/wp-json\/wp\/v2\/product_tag?post=11509"}],"curies":[{"name":"wp","href":"https:\/\/api.w.org\/{rel}","templated":true}]}}