{"id":11521,"date":"2024-04-16T13:28:54","date_gmt":"2024-04-16T13:28:54","guid":{"rendered":"https:\/\/globalfap6968.live-website.com\/?post_type=product&#038;p=11521"},"modified":"2024-04-16T13:29:04","modified_gmt":"2024-04-16T13:29:04","slug":"catalizador-volvo-21750127-23171815-23713847-85028439","status":"publish","type":"product","link":"https:\/\/globalfap.com\/fr\/tienda\/catalytique-volvo-21750127\/","title":{"rendered":"Catalyseur Volvo - 21750127 \/ 23171815 \/ 23713847 \/ 85028439"},"content":{"rendered":"<p>Convertisseur catalytique de remplacement Euro 6, garantie de 2 ans.<\/p>\n<h2>Refer\u00eancias compat\u00edveis<\/h2>\n<p>Volvo - 21750127<\/p>\n<p>Volvo - 7421750127<\/p>\n<p>Volvo - 23171815<\/p>\n<p>Volvo - 7421750129<\/p>\n<p>Volvo - 23713847<\/p>\n<p>Volvo - 7421750131<\/p>","protected":false},"excerpt":{"rendered":"<p>Catalyseur Volvo Euro 6 \u00e9change, garantie 2 ans. R\u00e9f\u00e9rences Volvo compatibles - 21750127 Volvo - 7421750127 Volvo -<\/p>","protected":false},"featured_media":11087,"template":"","meta":{"rank_math_lock_modified_date":false,"_joinchat":[]},"product_cat":[53],"product_tag":[],"class_list":{"0":"post-11521","1":"product","2":"type-product","3":"status-publish","4":"has-post-thumbnail","6":"product_cat-catalizadores-de-intercambio","8":"first","9":"instock","10":"taxable","11":"shipping-taxable","12":"product-type-simple"},"_links":{"self":[{"href":"https:\/\/globalfap.com\/fr\/wp-json\/wp\/v2\/product\/11521","targetHints":{"allow":["GET"]}}],"collection":[{"href":"https:\/\/globalfap.com\/fr\/wp-json\/wp\/v2\/product"}],"about":[{"href":"https:\/\/globalfap.com\/fr\/wp-json\/wp\/v2\/types\/product"}],"version-history":[{"count":0,"href":"https:\/\/globalfap.com\/fr\/wp-json\/wp\/v2\/product\/11521\/revisions"}],"wp:featuredmedia":[{"embeddable":true,"href":"https:\/\/globalfap.com\/fr\/wp-json\/wp\/v2\/media\/11087"}],"wp:attachment":[{"href":"https:\/\/globalfap.com\/fr\/wp-json\/wp\/v2\/media?parent=11521"}],"wp:term":[{"taxonomy":"product_cat","embeddable":true,"href":"https:\/\/globalfap.com\/fr\/wp-json\/wp\/v2\/product_cat?post=11521"},{"taxonomy":"product_tag","embeddable":true,"href":"https:\/\/globalfap.com\/fr\/wp-json\/wp\/v2\/product_tag?post=11521"}],"curies":[{"name":"wp","href":"https:\/\/api.w.org\/{rel}","templated":true}]}}