{"id":11564,"date":"2024-04-16T13:29:06","date_gmt":"2024-04-16T13:29:06","guid":{"rendered":"https:\/\/globalfap6968.live-website.com\/?post_type=product&#038;p=11564"},"modified":"2024-04-16T13:29:10","modified_gmt":"2024-04-16T13:29:10","slug":"filtro-de-particulas-iveco-eurocargo-5802020368","status":"publish","type":"product","link":"https:\/\/globalfap.com\/fr\/tienda\/filtre-a-particules-iveco-eurocargo-5802020368\/","title":{"rendered":"Filtre \u00e0 particules Iveco Eurocargo 5802020368"},"content":{"rendered":"<p>Filtre \u00e0 particules Iveco Eurocargo Interchange.<\/p>\n<p>Comprend un joint et un kit de serrage.<\/p>\n<p>R\u00e9f\u00e9rences \u00e9quivalentes :<\/p>\n<p>Iveco - 500060402<\/p>\n<p>Exp\u00e9ditions 24h. Garantie de deux ans.<\/p>","protected":false},"excerpt":{"rendered":"<p>Remplacement du filtre \u00e0 particules Iveco Eurocargo. Comprend un kit de joints et des colliers de serrage. R\u00e9f\u00e9rences \u00e9quivalentes : Iveco - 500060402 Livraison en 24h.<\/p>","protected":false},"featured_media":10834,"template":"","meta":{"rank_math_lock_modified_date":false,"_joinchat":[]},"product_cat":[44,49],"product_tag":[],"class_list":{"0":"post-11564","1":"product","2":"type-product","3":"status-publish","4":"has-post-thumbnail","6":"product_cat-filtro-de-particulas-fap-dpf","7":"product_cat-iveco","9":"first","10":"outofstock","11":"taxable","12":"shipping-taxable","13":"purchasable","14":"product-type-simple"},"_links":{"self":[{"href":"https:\/\/globalfap.com\/fr\/wp-json\/wp\/v2\/product\/11564","targetHints":{"allow":["GET"]}}],"collection":[{"href":"https:\/\/globalfap.com\/fr\/wp-json\/wp\/v2\/product"}],"about":[{"href":"https:\/\/globalfap.com\/fr\/wp-json\/wp\/v2\/types\/product"}],"version-history":[{"count":0,"href":"https:\/\/globalfap.com\/fr\/wp-json\/wp\/v2\/product\/11564\/revisions"}],"wp:featuredmedia":[{"embeddable":true,"href":"https:\/\/globalfap.com\/fr\/wp-json\/wp\/v2\/media\/10834"}],"wp:attachment":[{"href":"https:\/\/globalfap.com\/fr\/wp-json\/wp\/v2\/media?parent=11564"}],"wp:term":[{"taxonomy":"product_cat","embeddable":true,"href":"https:\/\/globalfap.com\/fr\/wp-json\/wp\/v2\/product_cat?post=11564"},{"taxonomy":"product_tag","embeddable":true,"href":"https:\/\/globalfap.com\/fr\/wp-json\/wp\/v2\/product_tag?post=11564"}],"curies":[{"name":"wp","href":"https:\/\/api.w.org\/{rel}","templated":true}]}}