{"id":11572,"date":"2024-04-16T13:29:07","date_gmt":"2024-04-16T13:29:07","guid":{"rendered":"https:\/\/globalfap6968.live-website.com\/?post_type=product&#038;p=11572"},"modified":"2024-04-16T13:29:11","modified_gmt":"2024-04-16T13:29:11","slug":"catalizador-iveco-5802259328","status":"publish","type":"product","link":"https:\/\/globalfap.com\/fr\/tienda\/catalytique-iveco-5802259328\/","title":{"rendered":"Convertisseur catalytique Iveco 5802259328"},"content":{"rendered":"<p>Convertisseur catalytique de remplacement Iveco Euro 6, garantie de 2 ans.<\/p>\n<h2>R\u00e9f\u00e9rences \u00e9quivalentes<\/h2>\n<p>IVECO - 5802259328<\/p>","protected":false},"excerpt":{"rendered":"<p>Echange catalyseur Iveco.<\/p>\n<p>Nouveaux noyaux int\u00e9rieurs.<\/p>\n<ul>\n<li>2 ans de garantie<\/li>\n<\/ul>\n<p>Envois internationaux.<\/p>","protected":false},"featured_media":11067,"template":"","meta":{"rank_math_lock_modified_date":false,"_joinchat":[]},"product_cat":[53],"product_tag":[],"class_list":{"0":"post-11572","1":"product","2":"type-product","3":"status-publish","4":"has-post-thumbnail","6":"product_cat-catalizadores-de-intercambio","8":"first","9":"instock","10":"taxable","11":"shipping-taxable","12":"purchasable","13":"product-type-simple"},"_links":{"self":[{"href":"https:\/\/globalfap.com\/fr\/wp-json\/wp\/v2\/product\/11572","targetHints":{"allow":["GET"]}}],"collection":[{"href":"https:\/\/globalfap.com\/fr\/wp-json\/wp\/v2\/product"}],"about":[{"href":"https:\/\/globalfap.com\/fr\/wp-json\/wp\/v2\/types\/product"}],"version-history":[{"count":0,"href":"https:\/\/globalfap.com\/fr\/wp-json\/wp\/v2\/product\/11572\/revisions"}],"wp:featuredmedia":[{"embeddable":true,"href":"https:\/\/globalfap.com\/fr\/wp-json\/wp\/v2\/media\/11067"}],"wp:attachment":[{"href":"https:\/\/globalfap.com\/fr\/wp-json\/wp\/v2\/media?parent=11572"}],"wp:term":[{"taxonomy":"product_cat","embeddable":true,"href":"https:\/\/globalfap.com\/fr\/wp-json\/wp\/v2\/product_cat?post=11572"},{"taxonomy":"product_tag","embeddable":true,"href":"https:\/\/globalfap.com\/fr\/wp-json\/wp\/v2\/product_tag?post=11572"}],"curies":[{"name":"wp","href":"https:\/\/api.w.org\/{rel}","templated":true}]}}