{"id":11578,"date":"2024-04-16T13:29:07","date_gmt":"2024-04-16T13:29:07","guid":{"rendered":"https:\/\/globalfap6968.live-website.com\/?post_type=product&#038;p=11578"},"modified":"2024-04-16T13:29:11","modified_gmt":"2024-04-16T13:29:11","slug":"catalizador-renault-7422495990-7423414242-7423425915","status":"publish","type":"product","link":"https:\/\/globalfap.com\/fr\/tienda\/catalytique-renault-7422495990\/","title":{"rendered":"Catalyseur Renault 7422495990 \/ 7423414242 \/ 7423425915"},"content":{"rendered":"<p>Catalyseur d'\u00e9change Renault Euro 6, garantie 2 ans.<\/p>\n<h2>Refer\u00eancias compat\u00edveis<\/h2>\n<p>Renault - 7422495990<\/p>\n<p>Volvo - 22495990<\/p>\n<p>Renault - 7423414242<\/p>\n<p>Renault - 7423425915<\/p>","protected":false},"excerpt":{"rendered":"<p>Catalyseur Renault Euro 6 \u00e9change, garantie 2 ans. R\u00e9f\u00e9rences compatibles Renault - 7422495990 Volvo - 22495990 Renault -<\/p>","protected":false},"featured_media":11078,"template":"","meta":{"rank_math_lock_modified_date":false,"_joinchat":[]},"product_cat":[53],"product_tag":[],"class_list":{"0":"post-11578","1":"product","2":"type-product","3":"status-publish","4":"has-post-thumbnail","6":"product_cat-catalizadores-de-intercambio","8":"first","9":"instock","10":"taxable","11":"shipping-taxable","12":"product-type-simple"},"_links":{"self":[{"href":"https:\/\/globalfap.com\/fr\/wp-json\/wp\/v2\/product\/11578","targetHints":{"allow":["GET"]}}],"collection":[{"href":"https:\/\/globalfap.com\/fr\/wp-json\/wp\/v2\/product"}],"about":[{"href":"https:\/\/globalfap.com\/fr\/wp-json\/wp\/v2\/types\/product"}],"version-history":[{"count":0,"href":"https:\/\/globalfap.com\/fr\/wp-json\/wp\/v2\/product\/11578\/revisions"}],"wp:featuredmedia":[{"embeddable":true,"href":"https:\/\/globalfap.com\/fr\/wp-json\/wp\/v2\/media\/11078"}],"wp:attachment":[{"href":"https:\/\/globalfap.com\/fr\/wp-json\/wp\/v2\/media?parent=11578"}],"wp:term":[{"taxonomy":"product_cat","embeddable":true,"href":"https:\/\/globalfap.com\/fr\/wp-json\/wp\/v2\/product_cat?post=11578"},{"taxonomy":"product_tag","embeddable":true,"href":"https:\/\/globalfap.com\/fr\/wp-json\/wp\/v2\/product_tag?post=11578"}],"curies":[{"name":"wp","href":"https:\/\/api.w.org\/{rel}","templated":true}]}}