{"id":9553,"date":"2022-01-14T11:31:57","date_gmt":"2022-01-14T11:31:57","guid":{"rendered":"https:\/\/globalfap6968.live-website.com\/?page_id=741"},"modified":"2024-11-17T19:48:21","modified_gmt":"2024-11-17T19:48:21","slug":"aviso-legal","status":"publish","type":"page","link":"https:\/\/globalfap.com\/pt\/aviso-legal\/","title":{"rendered":"Aviso legal"},"content":{"rendered":"<div data-elementor-type=\"wp-page\" data-elementor-id=\"9553\" class=\"elementor elementor-9553\" data-elementor-post-type=\"page\">\n\t\t\t\t\t\t<section class=\"elementor-section elementor-top-section elementor-element elementor-element-16590dc elementor-section-boxed elementor-section-height-default elementor-section-height-default\" data-id=\"16590dc\" data-element_type=\"section\">\n\t\t\t\t\t\t<div class=\"elementor-container elementor-column-gap-default\">\n\t\t\t\t\t<div class=\"elementor-column elementor-col-100 elementor-top-column elementor-element elementor-element-ddc2d5b\" data-id=\"ddc2d5b\" data-element_type=\"column\">\n\t\t\t<div class=\"elementor-widget-wrap elementor-element-populated\">\n\t\t\t\t\t\t<div class=\"elementor-element elementor-element-da02039 elementor-widget elementor-widget-spacer\" data-id=\"da02039\" data-element_type=\"widget\" data-widget_type=\"spacer.default\">\n\t\t\t\t<div class=\"elementor-widget-container\">\n\t\t\t\t\t<div class=\"elementor-spacer\">\n\t\t\t<div class=\"elementor-spacer-inner\"><\/div>\n\t\t<\/div>\n\t\t\t\t<\/div>\n\t\t\t\t<\/div>\n\t\t\t\t<div class=\"elementor-element elementor-element-696ab74 elementor-widget elementor-widget-heading\" data-id=\"696ab74\" data-element_type=\"widget\" data-widget_type=\"heading.default\">\n\t\t\t\t<div class=\"elementor-widget-container\">\n\t\t\t<h2 class=\"elementor-heading-title elementor-size-default\">Aviso legal<\/h2>\t\t<\/div>\n\t\t\t\t<\/div>\n\t\t\t\t<div class=\"elementor-element elementor-element-07603d6 color-scheme-inherit text-left elementor-widget elementor-widget-text-editor\" data-id=\"07603d6\" data-element_type=\"widget\" data-widget_type=\"text-editor.default\">\n\t\t\t\t<div class=\"elementor-widget-container\">\n\t\t\t\t\t\t\t<ol><li><strong>Informa\u00e7\u00e3o geral<\/strong><\/li><\/ol><div><b>\u00a0<\/b><\/div><p>Estas Condi\u00e7\u00f5es Gerais de Acesso e Utiliza\u00e7\u00e3o (adiante referidas como \".<strong>GC<\/strong>) regulamentam a utiliza\u00e7\u00e3o do servi\u00e7o de informa\u00e7\u00e3o do portal da Internet www.globalfap.com (doravante referido como \"www.globalfap.com\").<strong>S\u00edtio Web<\/strong>\"), criada pela empresa GLOBAL FAP, S.L. (doravante \".<strong>FAP GLOBAL<\/strong>\") divulgar a sua actividade no dom\u00ednio da manuten\u00e7\u00e3o e limpeza dos filtros de part\u00edculas. O website fornece acesso geral \u00e0 informa\u00e7\u00e3o sobre os servi\u00e7os, produtos e actividades oferecidos pela GLOBAL FAP.<\/p><p>GLOBAL FAP \u00e9 uma empresa com sede social na Calle Tren de los Panaderos, Edificio Puerta del Pr\u00edncipe, 41005, Sevilha (Espanha), com n\u00famero de identifica\u00e7\u00e3o fiscal B90432915 e inscrita no Registo Mercantil de Sevilha, Folio 40, Volume 6712, Sec\u00e7\u00e3o 8, P\u00e1gina SE121729. Se desejar, pode contactar a GLOBAL FAP atrav\u00e9s do seguinte endere\u00e7o electr\u00f3nico: info@globalfap6968.live-website.com.<\/p><p>Ao aceder e utilizar o Website, torna-se um utilizador (doravante, o \"Utilizador\").<strong>Utilizador<\/strong>\"ou o\"<strong>Utilizadores<\/strong>\"), o que implica a ader\u00eancia aos seguintes T&amp;C. Leia-os cuidadosamente, pois o acesso a este Website implica que aceita, sem reservas, estes T&amp;C e que \u00e9 respons\u00e1vel pelo acesso ao Website e pela utiliza\u00e7\u00e3o que possa ser feita da informa\u00e7\u00e3o nele contida.<\/p><p>\u00a0 \u00a0 2.<strong> Actualiza\u00e7\u00f5es do website<\/strong><\/p><p>GLOBAL FAP reserva-se o direito de fazer, sem aviso pr\u00e9vio aos utilizadores, quantas actualiza\u00e7\u00f5es considerar apropriadas para optimizar o seu website, e pode modificar, apagar ou adicionar dados, informa\u00e7\u00f5es ou qualquer conte\u00fado oferecido atrav\u00e9s do mesmo.<\/p><p>\u00a0 \u00a0 3. <strong>Condi\u00e7\u00f5es de acesso e utiliza\u00e7\u00e3o do servi\u00e7o<\/strong><\/p><p>O Utilizador pode aceder ao Website de forma livre e gratuita, sem necessidade de registo. No entanto, os dados marcados como \"necess\u00e1rios\" com a indica\u00e7\u00e3o de um asterisco (*) devem ser fornecidos a fim de aceder ao servi\u00e7o espec\u00edfico em quest\u00e3o. Estes dados pessoais s\u00e3o estritamente necess\u00e1rios para a correcta presta\u00e7\u00e3o dos servi\u00e7os oferecidos no Website.<\/p><p>O Utilizador compromete-se a utilizar o Website, o seu conte\u00fado e informa\u00e7\u00e3o diligentemente, de acordo com a lei vigente, estas CG, a moral e a ordem p\u00fablica, abstendo-se de o utilizar de qualquer forma ou para qualquer fim que possa impedir o normal funcionamento do Website ou o gozo do mesmo por outros utilizadores.<\/p><p>Em particular, a t\u00edtulo de exemplo e sem limita\u00e7\u00e3o, o Utilizador compromete-se a faz\u00ea-lo:<\/p><ul><li>N\u00e3o introduzir, armazenar ou divulgar atrav\u00e9s do Website ou dos servi\u00e7os a ele ligados quaisquer dados, v\u00edrus, c\u00f3digo ou instrumento que possam causar danos ao Website ou aos sistemas de outros utilizadores.<\/li><li>N\u00e3o destruir ou alterar quaisquer dados, informa\u00e7\u00f5es ou software no Website.<\/li><li>N\u00e3o utilizar identidades falsas e n\u00e3o se fazer passar por outros utilizadores, incluindo a utiliza\u00e7\u00e3o de palavras-passe ou c\u00f3digos de acesso de outra pessoa.<\/li><\/ul><p>O Utilizador ser\u00e1 respons\u00e1vel por todos os danos causados directa ou indirectamente como resultado do n\u00e3o cumprimento destes T&amp;C ou da Lei em vigor e ser\u00e1 exclusivamente respons\u00e1vel pela utiliza\u00e7\u00e3o feita do Website.<\/p><p>\u00a0 \u00a0 \u00a04. <strong>Ren\u00fancia de garantias e responsabilidade<\/strong><\/p><p>GLOBAL FAP n\u00e3o assume qualquer responsabilidade pelo uso indevido feito pelos utilizadores do Website ou pelos danos que os utilizadores possam causar como resultado do uso indevido. Esta responsabilidade ser\u00e1 exclusiva da pessoa que acede ao Website. O Utilizador aceita que a utiliza\u00e7\u00e3o do Website e das informa\u00e7\u00f5es e servi\u00e7os nele fornecidos \u00e9 por sua pr\u00f3pria conta e risco e sob a sua exclusiva responsabilidade.<\/p><p>O Utilizador que tenha menores ao seu cuidado ser\u00e1 exclusivamente respons\u00e1vel por determinar que conte\u00fado e informa\u00e7\u00e3o no Website \u00e9 apropriado para a idade dos menores. O Utilizador ser\u00e1 tamb\u00e9m respons\u00e1vel pelo acesso que esses menores t\u00eam ao Website, tendo em conta que existem programas inform\u00e1ticos que permitem filtrar e bloquear o acesso de menores a determinados conte\u00fados.<\/p><p>GLOBAL FAP n\u00e3o \u00e9 respons\u00e1vel por quaisquer danos que possam ser causados por qualquer informa\u00e7\u00e3o contida e oferecida em outros sites e p\u00e1ginas web geridas por terceiros, que podem ser acedidas atrav\u00e9s de links fornecidos no website.<\/p><p>GLOBAL FAP n\u00e3o assume qualquer responsabilidade que possa surgir de problemas t\u00e9cnicos ou falhas inform\u00e1ticas que ocorram durante o acesso ao Website ou danos causados por interfer\u00eancias ilegais fora do controlo de GLOBAL FAP. Consequentemente, a GLOBAL FAP n\u00e3o garante que o Website e os servi\u00e7os nele oferecidos funcionem sempre de forma adequada e livre de erros.<\/p><p>GLOBAL FAP actuar\u00e1 diligentemente para evitar a presen\u00e7a de v\u00edrus ou elementos nocivos no Website, mas n\u00e3o pode garantir absolutamente a aus\u00eancia dos mesmos e, portanto, n\u00e3o ser\u00e1 respons\u00e1vel por quaisquer danos resultantes.<\/p><p>\u00a0 \u00a0 \u00a0 5. <strong>Reserva de Direitos de Propriedade Industrial e Intelectual<\/strong><\/p><p>Todos os conte\u00fados deste Website, tais como texto, imagens, fotografias, logotipos, \u00edcones, gr\u00e1ficos, bases de dados ou qualquer outro elemento, bem como a estrutura, esquema de cores, design, tipografia e software (doravante, o \"Website\") est\u00e3o sujeitos a altera\u00e7\u00f5es sem aviso pr\u00e9vio.<strong>Conte\u00fado<\/strong>\") s\u00e3o propriedade exclusiva da GLOBAL FAP e s\u00e3o protegidos por direitos de propriedade industrial e intelectual detidos pela GLOBAL FAP e regulados pela legisla\u00e7\u00e3o nacional, comunit\u00e1ria e internacional.<\/p><p>\u00c9 expressamente proibido ao utilizador reproduzir, distribuir, comunicar publicamente, transformar ou explorar de qualquer forma para fins comerciais o conte\u00fado sem a autoriza\u00e7\u00e3o expressa por escrito da GLOBAL FAP. Do mesmo modo, \u00e9 expressamente proibido que o utilizador apague, altere, contorne ou manipule os dados que identificam os direitos do s\u00edtio web.<\/p><p>O Utilizador far\u00e1 uso do Conte\u00fado acedido atrav\u00e9s do Website exclusivamente para satisfazer as suas pr\u00f3prias necessidades, e compromete-se a n\u00e3o utilizar tal Conte\u00fado, directa ou indirectamente, para o explorar comercialmente.<\/p><p>Os conte\u00fados de terceiros que possam aparecer no Website s\u00e3o protegidos pelos direitos de propriedade industrial e intelectual dos seus respectivos propriet\u00e1rios, que s\u00e3o respons\u00e1veis pela concess\u00e3o das autoriza\u00e7\u00f5es pertinentes.<\/p><p>\u00a0 \u00a0 6. <strong>Queixas e formul\u00e1rios de reclama\u00e7\u00e3o<\/strong><\/p><p>GLOBAL FAP \u00e9 aderido ao Sistema de Reclama\u00e7\u00f5es Electr\u00f3nicas e Folhas de Reclama\u00e7\u00f5es do Governo Regional da Andaluzia. <a href=\"https:\/\/ws231.juntadeandalucia.es\/portalconsumo\/\" target=\"_blank\" rel=\"noopener\">https:\/\/ws231.juntadeandalucia.es\/portalconsumo\/ <\/a>que, ao utilizar um Certificado Digital, permite que os formul\u00e1rios de queixas e reclama\u00e7\u00f5es sejam submetidos electronicamente com as mesmas funcionalidades que os formul\u00e1rios de queixas e reclama\u00e7\u00f5es em papel.<\/p><p>\u00a0 \u00a0 7. <strong>Lei aplic\u00e1vel e jurisdi\u00e7\u00e3o<\/strong><\/p><p>A legisla\u00e7\u00e3o aplic\u00e1vel \u00e0 informa\u00e7\u00e3o e ao conte\u00fado deste Website ser\u00e1 a lei espanhola em vigor. Qualquer controv\u00e9rsia ou conflito que possa surgir como resultado da utiliza\u00e7\u00e3o deste Website ser\u00e1 resolvido nos tribunais e tribunais de Sevilha.<\/p>\t\t\t\t\t\t<\/div>\n\t\t\t\t<\/div>\n\t\t\t\t<div class=\"elementor-element elementor-element-cad525c elementor-widget elementor-widget-spacer\" data-id=\"cad525c\" data-element_type=\"widget\" data-widget_type=\"spacer.default\">\n\t\t\t\t<div class=\"elementor-widget-container\">\n\t\t\t\t\t<div class=\"elementor-spacer\">\n\t\t\t<div class=\"elementor-spacer-inner\"><\/div>\n\t\t<\/div>\n\t\t\t\t<\/div>\n\t\t\t\t<\/div>\n\t\t\t\t\t<\/div>\n\t\t<\/div>\n\t\t\t\t\t<\/div>\n\t\t<\/section>\n\t\t\t\t<\/div>","protected":false},"excerpt":{"rendered":"<p>Aviso Legal Informa\u00e7\u00f5es Gerais Estas Condi\u00e7\u00f5es Gerais de Acesso e Utiliza\u00e7\u00e3o (doravante referidas como \"CG\") regem a utiliza\u00e7\u00e3o do<\/p>","protected":false},"author":1,"featured_media":0,"parent":0,"menu_order":0,"comment_status":"closed","ping_status":"closed","template":"","meta":{"rank_math_lock_modified_date":false,"_joinchat":[],"footnotes":""},"class_list":["post-9553","page","type-page","status-publish","hentry"],"rankMath":{"parentDomain":"globalfap.com","noFollowDomains":[],"noFollowExcludeDomains":[],"noFollowExternalLinks":false,"featuredImageNotice":"The featured image should be at least 200 by 200 pixels to be picked up by Facebook and other social media sites.","pluginReviewed":true,"postSettings":{"linkSuggestions":true,"useFocusKeyword":false},"frontEndScore":false,"postName":"aviso-legal","permalinkFormat":"https:\/\/globalfap.com\/pt\/%pagename%\/","showLockModifiedDate":true,"assessor":{"focusKeywordLink":"https:\/\/globalfap.com\/wp-admin\/edit.php?focus_keyword=%focus_keyword%&post_type=%post_type%","hasTOCPlugin":true,"primaryTaxonomy":false,"serpData":{"title":"","description":"","focusKeywords":"","pillarContent":false,"canonicalUrl":"","breadcrumbTitle":"","advancedRobots":{"max-snippet":"-1","max-video-preview":"-1","max-image-preview":"large"},"facebookTitle":"","facebookDescription":"","facebookImage":"","facebookImageID":"","facebookHasOverlay":false,"facebookImageOverlay":"","facebookAuthor":"","twitterCardType":"","twitterUseFacebook":true,"twitterTitle":"","twitterDescription":"","twitterImage":"","twitterImageID":"","twitterHasOverlay":false,"twitterImageOverlay":"","twitterPlayerUrl":"","twitterPlayerSize":"","twitterPlayerStream":"","twitterPlayerStreamCtype":"","twitterAppDescription":"","twitterAppIphoneName":"","twitterAppIphoneID":"","twitterAppIphoneUrl":"","twitterAppIpadName":"","twitterAppIpadID":"","twitterAppIpadUrl":"","twitterAppGoogleplayName":"","twitterAppGoogleplayID":"","twitterAppGoogleplayUrl":"","twitterAppCountry":"","robots":{"nofollow":true,"noindex":true},"twitterAuthor":"username","primaryTerm":0,"authorName":"globalfap","titleTemplate":"%title% %page% %sep% %sitename%","descriptionTemplate":"%excerpt%","showScoreFrontend":true,"lockModifiedDate":false},"powerWords":[],"diacritics":{"A":"[\\u0041\\u24B6\\uFF21\\u00C0\\u00C1\\u00C2\\u1EA6\\u1EA4\\u1EAA\\u1EA8\\u00C3\\u0100\\u0102\\u1EB0\\u1EAE\\u1EB4\\u1EB2\\u0226\\u01E0\\u00C4\\u01DE\\u1EA2\\u00C5\\u01FA\\u01CD\\u0200\\u0202\\u1EA0\\u1EAC\\u1EB6\\u1E00\\u0104\\u023A\\u2C6F]","AA":"[\\uA732]","AE":"[\\u00C6\\u01FC\\u01E2]","AO":"[\\uA734]","AU":"[\\uA736]","AV":"[\\uA738\\uA73A]","AY":"[\\uA73C]","B":"[\\u0042\\u24B7\\uFF22\\u1E02\\u1E04\\u1E06\\u0243\\u0182\\u0181]","C":"[\\u0043\\u24B8\\uFF23\\u0106\\u0108\\u010A\\u010C\\u00C7\\u1E08\\u0187\\u023B\\uA73E]","D":"[\\u0044\\u24B9\\uFF24\\u1E0A\\u010E\\u1E0C\\u1E10\\u1E12\\u1E0E\\u0110\\u018B\\u018A\\u0189\\uA779]","DZ":"[\\u01F1\\u01C4]","Dz":"[\\u01F2\\u01C5]","E":"[\\u0045\\u24BA\\uFF25\\u00C8\\u00C9\\u00CA\\u1EC0\\u1EBE\\u1EC4\\u1EC2\\u1EBC\\u0112\\u1E14\\u1E16\\u0114\\u0116\\u00CB\\u1EBA\\u011A\\u0204\\u0206\\u1EB8\\u1EC6\\u0228\\u1E1C\\u0118\\u1E18\\u1E1A\\u0190\\u018E]","F":"[\\u0046\\u24BB\\uFF26\\u1E1E\\u0191\\uA77B]","G":"[\\u0047\\u24BC\\uFF27\\u01F4\\u011C\\u1E20\\u011E\\u0120\\u01E6\\u0122\\u01E4\\u0193\\uA7A0\\uA77D\\uA77E]","H":"[\\u0048\\u24BD\\uFF28\\u0124\\u1E22\\u1E26\\u021E\\u1E24\\u1E28\\u1E2A\\u0126\\u2C67\\u2C75\\uA78D]","I":"[\\u0049\\u24BE\\uFF29\\u00CC\\u00CD\\u00CE\\u0128\\u012A\\u012C\\u0130\\u00CF\\u1E2E\\u1EC8\\u01CF\\u0208\\u020A\\u1ECA\\u012E\\u1E2C\\u0197]","J":"[\\u004A\\u24BF\\uFF2A\\u0134\\u0248]","K":"[\\u004B\\u24C0\\uFF2B\\u1E30\\u01E8\\u1E32\\u0136\\u1E34\\u0198\\u2C69\\uA740\\uA742\\uA744\\uA7A2]","L":"[\\u004C\\u24C1\\uFF2C\\u013F\\u0139\\u013D\\u1E36\\u1E38\\u013B\\u1E3C\\u1E3A\\u0141\\u023D\\u2C62\\u2C60\\uA748\\uA746\\uA780]","LJ":"[\\u01C7]","Lj":"[\\u01C8]","M":"[\\u004D\\u24C2\\uFF2D\\u1E3E\\u1E40\\u1E42\\u2C6E\\u019C]","N":"[\\u004E\\u24C3\\uFF2E\\u01F8\\u0143\\u00D1\\u1E44\\u0147\\u1E46\\u0145\\u1E4A\\u1E48\\u0220\\u019D\\uA790\\uA7A4]","NJ":"[\\u01CA]","Nj":"[\\u01CB]","O":"[\\u004F\\u24C4\\uFF2F\\u00D2\\u00D3\\u00D4\\u1ED2\\u1ED0\\u1ED6\\u1ED4\\u00D5\\u1E4C\\u022C\\u1E4E\\u014C\\u1E50\\u1E52\\u014E\\u022E\\u0230\\u00D6\\u022A\\u1ECE\\u0150\\u01D1\\u020C\\u020E\\u01A0\\u1EDC\\u1EDA\\u1EE0\\u1EDE\\u1EE2\\u1ECC\\u1ED8\\u01EA\\u01EC\\u00D8\\u01FE\\u0186\\u019F\\uA74A\\uA74C]","OI":"[\\u01A2]","OO":"[\\uA74E]","OU":"[\\u0222]","P":"[\\u0050\\u24C5\\uFF30\\u1E54\\u1E56\\u01A4\\u2C63\\uA750\\uA752\\uA754]","Q":"[\\u0051\\u24C6\\uFF31\\uA756\\uA758\\u024A]","R":"[\\u0052\\u24C7\\uFF32\\u0154\\u1E58\\u0158\\u0210\\u0212\\u1E5A\\u1E5C\\u0156\\u1E5E\\u024C\\u2C64\\uA75A\\uA7A6\\uA782]","S":"[\\u0053\\u24C8\\uFF33\\u1E9E\\u015A\\u1E64\\u015C\\u1E60\\u0160\\u1E66\\u1E62\\u1E68\\u0218\\u015E\\u2C7E\\uA7A8\\uA784]","T":"[\\u0054\\u24C9\\uFF34\\u1E6A\\u0164\\u1E6C\\u021A\\u0162\\u1E70\\u1E6E\\u0166\\u01AC\\u01AE\\u023E\\uA786]","TZ":"[\\uA728]","U":"[\\u0055\\u24CA\\uFF35\\u00D9\\u00DA\\u00DB\\u0168\\u1E78\\u016A\\u1E7A\\u016C\\u00DC\\u01DB\\u01D7\\u01D5\\u01D9\\u1EE6\\u016E\\u0170\\u01D3\\u0214\\u0216\\u01AF\\u1EEA\\u1EE8\\u1EEE\\u1EEC\\u1EF0\\u1EE4\\u1E72\\u0172\\u1E76\\u1E74\\u0244]","V":"[\\u0056\\u24CB\\uFF36\\u1E7C\\u1E7E\\u01B2\\uA75E\\u0245]","VY":"[\\uA760]","W":"[\\u0057\\u24CC\\uFF37\\u1E80\\u1E82\\u0174\\u1E86\\u1E84\\u1E88\\u2C72]","X":"[\\u0058\\u24CD\\uFF38\\u1E8A\\u1E8C]","Y":"[\\u0059\\u24CE\\uFF39\\u1EF2\\u00DD\\u0176\\u1EF8\\u0232\\u1E8E\\u0178\\u1EF6\\u1EF4\\u01B3\\u024E\\u1EFE]","Z":"[\\u005A\\u24CF\\uFF3A\\u0179\\u1E90\\u017B\\u017D\\u1E92\\u1E94\\u01B5\\u0224\\u2C7F\\u2C6B\\uA762]","a":"[\\u0061\\u24D0\\uFF41\\u1E9A\\u00E0\\u00E1\\u00E2\\u1EA7\\u1EA5\\u1EAB\\u1EA9\\u00E3\\u0101\\u0103\\u1EB1\\u1EAF\\u1EB5\\u1EB3\\u0227\\u01E1\\u00E4\\u01DF\\u1EA3\\u00E5\\u01FB\\u01CE\\u0201\\u0203\\u1EA1\\u1EAD\\u1EB7\\u1E01\\u0105\\u2C65\\u0250]","aa":"[\\uA733]","ae":"[\\u00E6\\u01FD\\u01E3]","ao":"[\\uA735]","au":"[\\uA737]","av":"[\\uA739\\uA73B]","ay":"[\\uA73D]","b":"[\\u0062\\u24D1\\uFF42\\u1E03\\u1E05\\u1E07\\u0180\\u0183\\u0253]","c":"[\\u0063\\u24D2\\uFF43\\u0107\\u0109\\u010B\\u010D\\u00E7\\u1E09\\u0188\\u023C\\uA73F\\u2184]","d":"[\\u0064\\u24D3\\uFF44\\u1E0B\\u010F\\u1E0D\\u1E11\\u1E13\\u1E0F\\u0111\\u018C\\u0256\\u0257\\uA77A]","dz":"[\\u01F3\\u01C6]","e":"[\\u0065\\u24D4\\uFF45\\u00E8\\u00E9\\u00EA\\u1EC1\\u1EBF\\u1EC5\\u1EC3\\u1EBD\\u0113\\u1E15\\u1E17\\u0115\\u0117\\u00EB\\u1EBB\\u011B\\u0205\\u0207\\u1EB9\\u1EC7\\u0229\\u1E1D\\u0119\\u1E19\\u1E1B\\u0247\\u025B\\u01DD]","f":"[\\u0066\\u24D5\\uFF46\\u1E1F\\u0192\\uA77C]","g":"[\\u0067\\u24D6\\uFF47\\u01F5\\u011D\\u1E21\\u011F\\u0121\\u01E7\\u0123\\u01E5\\u0260\\uA7A1\\u1D79\\uA77F]","h":"[\\u0068\\u24D7\\uFF48\\u0125\\u1E23\\u1E27\\u021F\\u1E25\\u1E29\\u1E2B\\u1E96\\u0127\\u2C68\\u2C76\\u0265]","hv":"[\\u0195]","i":"[\\u0069\\u24D8\\uFF49\\u00EC\\u00ED\\u00EE\\u0129\\u012B\\u012D\\u00EF\\u1E2F\\u1EC9\\u01D0\\u0209\\u020B\\u1ECB\\u012F\\u1E2D\\u0268\\u0131]","j":"[\\u006A\\u24D9\\uFF4A\\u0135\\u01F0\\u0249]","k":"[\\u006B\\u24DA\\uFF4B\\u1E31\\u01E9\\u1E33\\u0137\\u1E35\\u0199\\u2C6A\\uA741\\uA743\\uA745\\uA7A3]","l":"[\\u006C\\u24DB\\uFF4C\\u0140\\u013A\\u013E\\u1E37\\u1E39\\u013C\\u1E3D\\u1E3B\\u017F\\u0142\\u019A\\u026B\\u2C61\\uA749\\uA781\\uA747]","lj":"[\\u01C9]","m":"[\\u006D\\u24DC\\uFF4D\\u1E3F\\u1E41\\u1E43\\u0271\\u026F]","n":"[\\u006E\\u24DD\\uFF4E\\u01F9\\u0144\\u00F1\\u1E45\\u0148\\u1E47\\u0146\\u1E4B\\u1E49\\u019E\\u0272\\u0149\\uA791\\uA7A5]","nj":"[\\u01CC]","o":"[\\u006F\\u24DE\\uFF4F\\u00F2\\u00F3\\u00F4\\u1ED3\\u1ED1\\u1ED7\\u1ED5\\u00F5\\u1E4D\\u022D\\u1E4F\\u014D\\u1E51\\u1E53\\u014F\\u022F\\u0231\\u00F6\\u022B\\u1ECF\\u0151\\u01D2\\u020D\\u020F\\u01A1\\u1EDD\\u1EDB\\u1EE1\\u1EDF\\u1EE3\\u1ECD\\u1ED9\\u01EB\\u01ED\\u00F8\\u01FF\\u0254\\uA74B\\uA74D\\u0275]","oi":"[\\u01A3]","ou":"[\\u0223]","oo":"[\\uA74F]","p":"[\\u0070\\u24DF\\uFF50\\u1E55\\u1E57\\u01A5\\u1D7D\\uA751\\uA753\\uA755]","q":"[\\u0071\\u24E0\\uFF51\\u024B\\uA757\\uA759]","r":"[\\u0072\\u24E1\\uFF52\\u0155\\u1E59\\u0159\\u0211\\u0213\\u1E5B\\u1E5D\\u0157\\u1E5F\\u024D\\u027D\\uA75B\\uA7A7\\uA783]","s":"[\\u0073\\u24E2\\uFF53\\u015B\\u1E65\\u015D\\u1E61\\u0161\\u1E67\\u1E63\\u1E69\\u0219\\u015F\\u023F\\uA7A9\\uA785\\u1E9B]","ss":"[\\u00DF]","t":"[\\u0074\\u24E3\\uFF54\\u1E6B\\u1E97\\u0165\\u1E6D\\u021B\\u0163\\u1E71\\u1E6F\\u0167\\u01AD\\u0288\\u2C66\\uA787]","tz":"[\\uA729]","u":"[\\u0075\\u24E4\\uFF55\\u00F9\\u00FA\\u00FB\\u0169\\u1E79\\u016B\\u1E7B\\u016D\\u00FC\\u01DC\\u01D8\\u01D6\\u01DA\\u1EE7\\u016F\\u0171\\u01D4\\u0215\\u0217\\u01B0\\u1EEB\\u1EE9\\u1EEF\\u1EED\\u1EF1\\u1EE5\\u1E73\\u0173\\u1E77\\u1E75\\u0289]","v":"[\\u0076\\u24E5\\uFF56\\u1E7D\\u1E7F\\u028B\\uA75F\\u028C]","vy":"[\\uA761]","w":"[\\u0077\\u24E6\\uFF57\\u1E81\\u1E83\\u0175\\u1E87\\u1E85\\u1E98\\u1E89\\u2C73]","x":"[\\u0078\\u24E7\\uFF58\\u1E8B\\u1E8D]","y":"[\\u0079\\u24E8\\uFF59\\u1EF3\\u00FD\\u0177\\u1EF9\\u0233\\u1E8F\\u00FF\\u1EF7\\u1E99\\u1EF5\\u01B4\\u024F\\u1EFF]","z":"[\\u007A\\u24E9\\uFF5A\\u017A\\u1E91\\u017C\\u017E\\u1E93\\u1E95\\u01B6\\u0225\\u0240\\u2C6C\\uA763]"},"researchesTests":["contentHasTOC","contentHasShortParagraphs","contentHasAssets","keywordInTitle","keywordInMetaDescription","keywordInPermalink","keywordIn10Percent","keywordInContent","keywordInSubheadings","keywordInImageAlt","keywordDensity","keywordNotUsed","lengthContent","lengthPermalink","linksHasInternal","linksHasExternals","linksNotAllExternals","titleStartWithKeyword","titleSentiment","titleHasPowerWords","titleHasNumber","hasContentAI"],"hasRedirection":true,"hasBreadcrumb":true},"homeUrl":"https:\/\/globalfap.com\/pt","objectID":9553,"objectType":"post","locale":"pt","localeFull":"pt_PT","overlayImages":{"play":{"name":"Play icon","url":"https:\/\/globalfap.com\/wp-content\/plugins\/seo-by-rank-math\/assets\/admin\/img\/icon-play.png","path":"\/homepages\/22\/d4298930457\/htdocs\/clickandbuilds\/Globalfap\/wp-content\/plugins\/seo-by-rank-math\/assets\/admin\/img\/icon-play.png","position":"middle_center"},"gif":{"name":"GIF icon","url":"https:\/\/globalfap.com\/wp-content\/plugins\/seo-by-rank-math\/assets\/admin\/img\/icon-gif.png","path":"\/homepages\/22\/d4298930457\/htdocs\/clickandbuilds\/Globalfap\/wp-content\/plugins\/seo-by-rank-math\/assets\/admin\/img\/icon-gif.png","position":"middle_center"}},"defautOgImage":"https:\/\/globalfap.com\/wp-content\/plugins\/seo-by-rank-math\/assets\/admin\/img\/social-placeholder.jpg","customPermalinks":true,"isUserRegistered":false,"autoSuggestKeywords":false,"connectSiteUrl":"https:\/\/rankmath.com\/auth?site=https%3A%2F%2Fglobalfap.com%2Fpt&r=https%3A%2F%2Fglobalfap.com%2Fpt%2Fwp-json%2Fwp%2Fv2%2Fpages%2F9553%3Fnonce%3Dd7fa123c0a","maxTags":5,"trendsIcon":"<svg viewBox=\"0 0 610 610\"><path d=\"M18.85,446,174.32,290.48l58.08,58.08L76.93,504a14.54,14.54,0,0,1-20.55,0L18.83,466.48a14.54,14.54,0,0,1,0-20.55Z\" style=\"fill:#4285f4\"\/><path d=\"M242.65,242.66,377.59,377.6l-47.75,47.75a14.54,14.54,0,0,1-20.55,0L174.37,290.43l47.75-47.75A14.52,14.52,0,0,1,242.65,242.66Z\" style=\"fill:#ea4335\"\/><polygon points=\"319.53 319.53 479.26 159.8 537.34 217.88 377.61 377.62 319.53 319.53\" style=\"fill:#fabb05\"\/><path d=\"M594.26,262.73V118.61h0a16.94,16.94,0,0,0-16.94-16.94H433.2a16.94,16.94,0,0,0-12,28.92L565.34,274.71h0a16.94,16.94,0,0,0,28.92-12Z\" style=\"fill:#34a853\"\/><rect width=\"610\" height=\"610\" style=\"fill:none\"\/><\/svg>","showScore":true,"siteFavIcon":"https:\/\/globalfap.com\/wp-content\/uploads\/2022\/10\/cropped-logo-globalfap-32x32.png","canUser":{"general":false,"advanced":false,"snippet":false,"social":false,"analysis":false,"analytics":false,"content_ai":false},"isPro":false,"is_front_page":false,"trendsUpgradeLink":"https:\/\/rankmath.com\/pricing\/?utm_source=Plugin&utm_medium=CE%20General%20Tab%20Trends&utm_campaign=WP","trendsUpgradeLabel":"Upgrade","trendsPreviewImage":"https:\/\/globalfap.com\/wp-content\/plugins\/seo-by-rank-math\/assets\/admin\/img\/trends-preview.jpg","currentEditor":false,"homepageData":{"assessor":{"powerWords":[],"diacritics":true,"researchesTests":["contentHasTOC","contentHasShortParagraphs","contentHasAssets","keywordInTitle","keywordInMetaDescription","keywordInPermalink","keywordIn10Percent","keywordInContent","keywordInSubheadings","keywordInImageAlt","keywordDensity","keywordNotUsed","lengthContent","lengthPermalink","linksHasInternal","linksHasExternals","linksNotAllExternals","titleStartWithKeyword","titleSentiment","titleHasPowerWords","titleHasNumber","hasContentAI"],"hasBreadcrumb":true,"serpData":{"title":"%sitename% %page% %sep% %sitedesc%","description":"","titleTemplate":"%sitename% %page% %sep% %sitedesc%","descriptionTemplate":"","focusKeywords":"","breadcrumbTitle":"Portada","robots":{"index":true},"advancedRobots":{"max-snippet":"-1","max-video-preview":"-1","max-image-preview":"large"},"facebookTitle":"","facebookDescription":"","facebookImage":"","facebookImageID":""}}},"tocTitle":"Table of Contents","tocExcludeHeadings":[],"listStyle":"ul"},"_links":{"self":[{"href":"https:\/\/globalfap.com\/pt\/wp-json\/wp\/v2\/pages\/9553","targetHints":{"allow":["GET"]}}],"collection":[{"href":"https:\/\/globalfap.com\/pt\/wp-json\/wp\/v2\/pages"}],"about":[{"href":"https:\/\/globalfap.com\/pt\/wp-json\/wp\/v2\/types\/page"}],"author":[{"embeddable":true,"href":"https:\/\/globalfap.com\/pt\/wp-json\/wp\/v2\/users\/1"}],"replies":[{"embeddable":true,"href":"https:\/\/globalfap.com\/pt\/wp-json\/wp\/v2\/comments?post=9553"}],"version-history":[{"count":0,"href":"https:\/\/globalfap.com\/pt\/wp-json\/wp\/v2\/pages\/9553\/revisions"}],"wp:attachment":[{"href":"https:\/\/globalfap.com\/pt\/wp-json\/wp\/v2\/media?parent=9553"}],"curies":[{"name":"wp","href":"https:\/\/api.w.org\/{rel}","templated":true}]}}