{"id":11431,"date":"2024-04-16T13:28:36","date_gmt":"2024-04-16T13:28:36","guid":{"rendered":"https:\/\/globalfap6968.live-website.com\/?post_type=product&#038;p=11431"},"modified":"2024-04-16T13:28:39","modified_gmt":"2024-04-16T13:28:39","slug":"catalizador-man-euro-6-81151036115-81151036125","status":"publish","type":"product","link":"https:\/\/globalfap.com\/pt\/tienda\/catalytic-man-euro-6-81151036115\/","title":{"rendered":"Catalisador MAN Euro 6 - 81151036115 \/ 81151036125"},"content":{"rendered":"<p>Catalisador de c\u00e2mbio MAN Euro 6, garantia de 2 anos.<\/p>\n<h2>Refer\u00eancias compat\u00edveis<\/h2>\n<p>HOMEM - 81151036125<\/p>\n<p>HOMEM - 81.15103.6115<\/p>\n<p>HOMEM - 81.15103.6125<\/p>\n<p>HOMEM - 81.15103.6122<\/p>\n<p>HOMEM - 81.15103.6128<\/p>\n<p>HOMEM - 81.15103.6114<\/p>\n<p>&nbsp;<\/p>","protected":false},"excerpt":{"rendered":"<p>Na Global FAP realizamos a manuten\u00e7\u00e3o e repara\u00e7\u00e3o de conversores catal\u00edticos de acordo com as normas Euro 6.<\/p>\n<p>HOMEM - 81151036125<\/p>\n<p>HOMEM - 81151036115<\/p>\n<p>&nbsp;<\/p>\n<p>Sensores:<\/p>\n<p>&nbsp;<\/p>\n<div class=\"page\" title=\"P\u00e1gina 9\">\n<div class=\"section\">\n<div class=\"layoutArea\">\n<div class=\"column\">\n<p>51.27421.0293 \u2013 Temperatura<\/p>\n<p>51.27421.0310 - temperatura<\/p>\n<div class=\"page\" title=\"P\u00e1gina 9\">\n<div class=\"section\">\n<div class=\"layoutArea\">\n<div class=\"column\">\n<p>51.15408.0011 - NOx<\/p>\n<p>51.15408.0018 - NOx<\/p>\n<\/div>\n<\/div>\n<\/div>\n<\/div>\n<\/div>\n<\/div>\n<\/div>\n<\/div>","protected":false},"featured_media":11124,"template":"","meta":{"rank_math_lock_modified_date":false,"_joinchat":[]},"product_cat":[53],"product_tag":[],"class_list":{"0":"post-11431","1":"product","2":"type-product","3":"status-publish","4":"has-post-thumbnail","6":"product_cat-catalizadores-de-intercambio","8":"first","9":"instock","10":"taxable","11":"shipping-taxable","12":"product-type-simple"},"_links":{"self":[{"href":"https:\/\/globalfap.com\/pt\/wp-json\/wp\/v2\/product\/11431","targetHints":{"allow":["GET"]}}],"collection":[{"href":"https:\/\/globalfap.com\/pt\/wp-json\/wp\/v2\/product"}],"about":[{"href":"https:\/\/globalfap.com\/pt\/wp-json\/wp\/v2\/types\/product"}],"version-history":[{"count":0,"href":"https:\/\/globalfap.com\/pt\/wp-json\/wp\/v2\/product\/11431\/revisions"}],"wp:featuredmedia":[{"embeddable":true,"href":"https:\/\/globalfap.com\/pt\/wp-json\/wp\/v2\/media\/11124"}],"wp:attachment":[{"href":"https:\/\/globalfap.com\/pt\/wp-json\/wp\/v2\/media?parent=11431"}],"wp:term":[{"taxonomy":"product_cat","embeddable":true,"href":"https:\/\/globalfap.com\/pt\/wp-json\/wp\/v2\/product_cat?post=11431"},{"taxonomy":"product_tag","embeddable":true,"href":"https:\/\/globalfap.com\/pt\/wp-json\/wp\/v2\/product_tag?post=11431"}],"curies":[{"name":"wp","href":"https:\/\/api.w.org\/{rel}","templated":true}]}}