{"id":11435,"date":"2024-04-16T13:28:37","date_gmt":"2024-04-16T13:28:37","guid":{"rendered":"https:\/\/globalfap6968.live-website.com\/?post_type=product&#038;p=11435"},"modified":"2024-04-16T13:28:39","modified_gmt":"2024-04-16T13:28:39","slug":"catalizador-iveco-euro-6-5801429215","status":"publish","type":"product","link":"https:\/\/globalfap.com\/pt\/tienda\/catalytic-iveco-euro-6-5801429215\/","title":{"rendered":"Iveco Euro 6 conversor catal\u00edtico - 5801429215"},"content":{"rendered":"<p>Troca de catalisador Iveco Stralis Euro 6.<\/p>\n<p>Garantia de dois anos.<\/p>\n<p>Refer\u00eancias equivalentes:<\/p>\n<p>Iveco - 5801429215<\/p>\n<p>Iveco - 500060412<\/p>","protected":false},"excerpt":{"rendered":"<p>Iveco Euro 6 conversor catal\u00edtico - 5801429215<\/p>\n<p>Novos n\u00facleos de \u00faltima gera\u00e7\u00e3o, novas juntas e flanges.<\/p>\n<ul>\n<li>Garantia de dois anos.<\/li>\n<\/ul>\n<p>Entregas internacionais.<\/p>\n<h3>Contacto connosco<\/h3>","protected":false},"featured_media":11065,"template":"","meta":{"rank_math_lock_modified_date":false,"_joinchat":[]},"product_cat":[53,49],"product_tag":[],"class_list":{"0":"post-11435","1":"product","2":"type-product","3":"status-publish","4":"has-post-thumbnail","6":"product_cat-catalizadores-de-intercambio","7":"product_cat-iveco","8":"product_shipping_class-filtros-de-particulas","10":"first","11":"instock","12":"taxable","13":"shipping-taxable","14":"product-type-simple"},"_links":{"self":[{"href":"https:\/\/globalfap.com\/pt\/wp-json\/wp\/v2\/product\/11435","targetHints":{"allow":["GET"]}}],"collection":[{"href":"https:\/\/globalfap.com\/pt\/wp-json\/wp\/v2\/product"}],"about":[{"href":"https:\/\/globalfap.com\/pt\/wp-json\/wp\/v2\/types\/product"}],"version-history":[{"count":0,"href":"https:\/\/globalfap.com\/pt\/wp-json\/wp\/v2\/product\/11435\/revisions"}],"wp:featuredmedia":[{"embeddable":true,"href":"https:\/\/globalfap.com\/pt\/wp-json\/wp\/v2\/media\/11065"}],"wp:attachment":[{"href":"https:\/\/globalfap.com\/pt\/wp-json\/wp\/v2\/media?parent=11435"}],"wp:term":[{"taxonomy":"product_cat","embeddable":true,"href":"https:\/\/globalfap.com\/pt\/wp-json\/wp\/v2\/product_cat?post=11435"},{"taxonomy":"product_tag","embeddable":true,"href":"https:\/\/globalfap.com\/pt\/wp-json\/wp\/v2\/product_tag?post=11435"}],"curies":[{"name":"wp","href":"https:\/\/api.w.org\/{rel}","templated":true}]}}