{"id":11452,"date":"2024-04-16T13:28:38","date_gmt":"2024-04-16T13:28:38","guid":{"rendered":"https:\/\/globalfap6968.live-website.com\/?post_type=product&#038;p=11452"},"modified":"2024-04-16T13:28:47","modified_gmt":"2024-04-16T13:28:47","slug":"catalizador-volvo-22183004-22187418-23037743","status":"publish","type":"product","link":"https:\/\/globalfap.com\/pt\/tienda\/catalytic-volvo-22183004\/","title":{"rendered":"Catalisador Volvo - 22183004 \/ 22187418 \/ 23037743"},"content":{"rendered":"<p>Catalisador de c\u00e2mbio MAN Euro 6, garantia de 2 anos.<\/p>\n<h2>Refer\u00eancias compat\u00edveis<\/h2>\n<p>Volvo - 23037743<\/p>\n<p>Volvo - 22183004<\/p>\n<p>Volvo - 22187418<\/p>","protected":false},"excerpt":{"rendered":"<p>Catalisador de troca Volvo Euro 6, 2 anos de garantia. N\u00fameros de pe\u00e7a Volvo compat\u00edveis - 23037743 Volvo - 22183004 Volvo -<\/p>","protected":false},"featured_media":11087,"template":"","meta":{"rank_math_lock_modified_date":false,"_joinchat":[]},"product_cat":[53],"product_tag":[],"class_list":{"0":"post-11452","1":"product","2":"type-product","3":"status-publish","4":"has-post-thumbnail","6":"product_cat-catalizadores-de-intercambio","8":"first","9":"instock","10":"taxable","11":"shipping-taxable","12":"product-type-simple"},"_links":{"self":[{"href":"https:\/\/globalfap.com\/pt\/wp-json\/wp\/v2\/product\/11452","targetHints":{"allow":["GET"]}}],"collection":[{"href":"https:\/\/globalfap.com\/pt\/wp-json\/wp\/v2\/product"}],"about":[{"href":"https:\/\/globalfap.com\/pt\/wp-json\/wp\/v2\/types\/product"}],"version-history":[{"count":0,"href":"https:\/\/globalfap.com\/pt\/wp-json\/wp\/v2\/product\/11452\/revisions"}],"wp:featuredmedia":[{"embeddable":true,"href":"https:\/\/globalfap.com\/pt\/wp-json\/wp\/v2\/media\/11087"}],"wp:attachment":[{"href":"https:\/\/globalfap.com\/pt\/wp-json\/wp\/v2\/media?parent=11452"}],"wp:term":[{"taxonomy":"product_cat","embeddable":true,"href":"https:\/\/globalfap.com\/pt\/wp-json\/wp\/v2\/product_cat?post=11452"},{"taxonomy":"product_tag","embeddable":true,"href":"https:\/\/globalfap.com\/pt\/wp-json\/wp\/v2\/product_tag?post=11452"}],"curies":[{"name":"wp","href":"https:\/\/api.w.org\/{rel}","templated":true}]}}