{"id":11454,"date":"2024-04-16T13:28:38","date_gmt":"2024-04-16T13:28:38","guid":{"rendered":"https:\/\/globalfap6968.live-website.com\/?post_type=product&#038;p=11454"},"modified":"2024-04-16T13:28:50","modified_gmt":"2024-04-16T13:28:50","slug":"dpf-scania-570749-570758-570808-2137598-2222655-2446964","status":"publish","type":"product","link":"https:\/\/globalfap.com\/pt\/tienda\/scania-570749\/","title":{"rendered":"DPF Scania 570749 \/ 570758 \/ 570808 \/ 2137598 \/ 2222655 \/ 2446964"},"content":{"rendered":"<p>Troca do filtro de part\u00edculas Scania Euro 6, dois anos de garantia.<\/p>\n<h2>Refer\u00eancias compat\u00edveis<\/h2>\n<p>Scania - 2137598<\/p>\n<p>Scania - 2222655<\/p>\n<p>Scania - 2446964<\/p>\n<p>Scania - 570758<\/p>\n<p>Scania - 570808<\/p>","protected":false},"excerpt":{"rendered":"<p>Troca de filtro de part\u00edculas Scania Euro 6, 2 anos de garantia. Refer\u00eancias compat\u00edveis Scania - 2137598 Scania - 2222655<\/p>","protected":false},"featured_media":11486,"template":"","meta":{"rank_math_lock_modified_date":false,"_joinchat":[]},"product_cat":[50],"product_tag":[],"class_list":{"0":"post-11454","1":"product","2":"type-product","3":"status-publish","4":"has-post-thumbnail","6":"product_cat-scania","7":"product_shipping_class-filtros-de-particulas","9":"first","10":"instock","11":"taxable","12":"shipping-taxable","13":"product-type-simple"},"_links":{"self":[{"href":"https:\/\/globalfap.com\/pt\/wp-json\/wp\/v2\/product\/11454","targetHints":{"allow":["GET"]}}],"collection":[{"href":"https:\/\/globalfap.com\/pt\/wp-json\/wp\/v2\/product"}],"about":[{"href":"https:\/\/globalfap.com\/pt\/wp-json\/wp\/v2\/types\/product"}],"version-history":[{"count":0,"href":"https:\/\/globalfap.com\/pt\/wp-json\/wp\/v2\/product\/11454\/revisions"}],"wp:featuredmedia":[{"embeddable":true,"href":"https:\/\/globalfap.com\/pt\/wp-json\/wp\/v2\/media\/11486"}],"wp:attachment":[{"href":"https:\/\/globalfap.com\/pt\/wp-json\/wp\/v2\/media?parent=11454"}],"wp:term":[{"taxonomy":"product_cat","embeddable":true,"href":"https:\/\/globalfap.com\/pt\/wp-json\/wp\/v2\/product_cat?post=11454"},{"taxonomy":"product_tag","embeddable":true,"href":"https:\/\/globalfap.com\/pt\/wp-json\/wp\/v2\/product_tag?post=11454"}],"curies":[{"name":"wp","href":"https:\/\/api.w.org\/{rel}","templated":true}]}}