{"id":11503,"date":"2024-04-16T13:28:53","date_gmt":"2024-04-16T13:28:53","guid":{"rendered":"https:\/\/globalfap6968.live-website.com\/?post_type=product&#038;p=11503"},"modified":"2024-04-16T13:28:55","modified_gmt":"2024-04-16T13:28:55","slug":"catalizador-scania-euro-6-2483455-2248584-2164453-2248583","status":"publish","type":"product","link":"https:\/\/globalfap.com\/pt\/tienda\/catalytic-scania-euro-6-2483455\/","title":{"rendered":"Catalisador Scania Euro 6 - 2483455 \/ 2248584 \/ 2164453 \/ 2248583"},"content":{"rendered":"<p>Scania Euro 6 Catalytic conversor - 2483455<\/p>\n<p>Novos n\u00facleos internos.<\/p>\n<ul>\n<li>Garantia de dois anos.<\/li>\n<\/ul>\n<h2>Refer\u00eancias compat\u00edveis<\/h2>\n<p>Scania - 2483455<\/p>\n<p>Scania - 2248584<\/p>\n<p>Scania - 2164453<\/p>\n<p>Scania - 2248583<\/p>","protected":false},"excerpt":{"rendered":"<p>Conversor Catal\u00edtico Scania Euro 6 - 2483455 N\u00facleos interiores novos. Garantia de dois anos. Refer\u00eancias compat\u00edveis Scania - 2483455 Scania - 2483455<\/p>","protected":false},"featured_media":11163,"template":"","meta":{"rank_math_lock_modified_date":false,"_joinchat":[]},"product_cat":[53],"product_tag":[],"class_list":{"0":"post-11503","1":"product","2":"type-product","3":"status-publish","4":"has-post-thumbnail","6":"product_cat-catalizadores-de-intercambio","8":"first","9":"instock","10":"taxable","11":"shipping-taxable","12":"product-type-simple"},"_links":{"self":[{"href":"https:\/\/globalfap.com\/pt\/wp-json\/wp\/v2\/product\/11503","targetHints":{"allow":["GET"]}}],"collection":[{"href":"https:\/\/globalfap.com\/pt\/wp-json\/wp\/v2\/product"}],"about":[{"href":"https:\/\/globalfap.com\/pt\/wp-json\/wp\/v2\/types\/product"}],"version-history":[{"count":0,"href":"https:\/\/globalfap.com\/pt\/wp-json\/wp\/v2\/product\/11503\/revisions"}],"wp:featuredmedia":[{"embeddable":true,"href":"https:\/\/globalfap.com\/pt\/wp-json\/wp\/v2\/media\/11163"}],"wp:attachment":[{"href":"https:\/\/globalfap.com\/pt\/wp-json\/wp\/v2\/media?parent=11503"}],"wp:term":[{"taxonomy":"product_cat","embeddable":true,"href":"https:\/\/globalfap.com\/pt\/wp-json\/wp\/v2\/product_cat?post=11503"},{"taxonomy":"product_tag","embeddable":true,"href":"https:\/\/globalfap.com\/pt\/wp-json\/wp\/v2\/product_tag?post=11503"}],"curies":[{"name":"wp","href":"https:\/\/api.w.org\/{rel}","templated":true}]}}