{"id":11560,"date":"2024-04-16T13:29:06","date_gmt":"2024-04-16T13:29:06","guid":{"rendered":"https:\/\/globalfap6968.live-website.com\/?post_type=product&#038;p=11560"},"modified":"2024-04-16T13:29:09","modified_gmt":"2024-04-16T13:29:09","slug":"iveco-stralis-5802041633","status":"publish","type":"product","link":"https:\/\/globalfap.com\/pt\/tienda\/iveco-stralis-5802041633\/","title":{"rendered":"Iveco Stralis 5802041633"},"content":{"rendered":"<p>Filtro de part\u00edcular Iveco Stralis Interchange.<\/p>\n<p>Inclui junta e kit de fixa\u00e7\u00e3o.<\/p>\n<p>Refer\u00eancias equivalentes:<\/p>\n<p>Iveco - 500060396<\/p>\n<p>Envios 24h. Dois anos de garantia.<\/p>","protected":false},"excerpt":{"rendered":"<p>Troca do filtro de part\u00edculas do Iveco Stralis. Inclui kit de juntas e bra\u00e7adeiras. Refer\u00eancias equivalentes: Iveco - 500060396 Envio 24h.<\/p>","protected":false},"featured_media":10853,"template":"","meta":{"rank_math_lock_modified_date":false,"_joinchat":[]},"product_cat":[44,49],"product_tag":[],"class_list":{"0":"post-11560","1":"product","2":"type-product","3":"status-publish","4":"has-post-thumbnail","6":"product_cat-filtro-de-particulas-fap-dpf","7":"product_cat-iveco","9":"first","10":"instock","11":"taxable","12":"shipping-taxable","13":"product-type-simple"},"_links":{"self":[{"href":"https:\/\/globalfap.com\/pt\/wp-json\/wp\/v2\/product\/11560","targetHints":{"allow":["GET"]}}],"collection":[{"href":"https:\/\/globalfap.com\/pt\/wp-json\/wp\/v2\/product"}],"about":[{"href":"https:\/\/globalfap.com\/pt\/wp-json\/wp\/v2\/types\/product"}],"version-history":[{"count":0,"href":"https:\/\/globalfap.com\/pt\/wp-json\/wp\/v2\/product\/11560\/revisions"}],"wp:featuredmedia":[{"embeddable":true,"href":"https:\/\/globalfap.com\/pt\/wp-json\/wp\/v2\/media\/10853"}],"wp:attachment":[{"href":"https:\/\/globalfap.com\/pt\/wp-json\/wp\/v2\/media?parent=11560"}],"wp:term":[{"taxonomy":"product_cat","embeddable":true,"href":"https:\/\/globalfap.com\/pt\/wp-json\/wp\/v2\/product_cat?post=11560"},{"taxonomy":"product_tag","embeddable":true,"href":"https:\/\/globalfap.com\/pt\/wp-json\/wp\/v2\/product_tag?post=11560"}],"curies":[{"name":"wp","href":"https:\/\/api.w.org\/{rel}","templated":true}]}}